{"id":1063,"date":"2025-03-11T21:55:07","date_gmt":"2025-03-11T20:55:07","guid":{"rendered":"https:\/\/nextgennetworksolutions.nl\/?page_id=1063"},"modified":"2025-03-12T18:05:33","modified_gmt":"2025-03-12T17:05:33","slug":"automation","status":"publish","type":"page","link":"https:\/\/www.nextgennetworksolutions.nl\/index.php\/automation\/","title":{"rendered":"Automation"},"content":{"rendered":"\t\t<div data-elementor-type=\"wp-page\" data-elementor-id=\"1063\" class=\"elementor elementor-1063\" data-elementor-post-type=\"page\">\n\t\t\t\t<div class=\"elementor-element elementor-element-690774a9 e-con-full e-flex e-con e-parent\" data-id=\"690774a9\" data-element_type=\"container\">\n\t\t<div class=\"elementor-element elementor-element-f23b1df e-con-full e-flex e-con e-child\" data-id=\"f23b1df\" data-element_type=\"container\" data-settings=\"{&quot;sticky&quot;:&quot;top&quot;,&quot;sticky_on&quot;:[&quot;desktop&quot;],&quot;sticky_offset&quot;:20,&quot;sticky_parent&quot;:&quot;yes&quot;,&quot;sticky_effects_offset&quot;:0,&quot;sticky_anchor_link_offset&quot;:0}\">\n\t\t\t\t<div class=\"elementor-element elementor-element-4d2f239 elementor-widget elementor-widget-button\" data-id=\"4d2f239\" data-element_type=\"widget\" data-widget_type=\"button.default\">\n\t\t\t\t<div class=\"elementor-widget-container\">\n\t\t\t\t\t\t\t<div class=\"elementor-button-wrapper\">\n\t\t\t\t\t<a class=\"elementor-button elementor-button-link elementor-size-sm\" href=\"\/index.php\/#s4\">\n\t\t\t\t\t\t<span class=\"elementor-button-content-wrapper\">\n\t\t\t\t\t\t<span class=\"elementor-button-icon\">\n\t\t\t\t<svg aria-hidden=\"true\" class=\"e-font-icon-svg e-fas-long-arrow-alt-left\" viewBox=\"0 0 448 512\" xmlns=\"http:\/\/www.w3.org\/2000\/svg\"><path d=\"M134.059 296H436c6.627 0 12-5.373 12-12v-56c0-6.627-5.373-12-12-12H134.059v-46.059c0-21.382-25.851-32.09-40.971-16.971L7.029 239.029c-9.373 9.373-9.373 24.569 0 33.941l86.059 86.059c15.119 15.119 40.971 4.411 40.971-16.971V296z\"><\/path><\/svg>\t\t\t<\/span>\n\t\t\t\t\t\t\t\t\t<span class=\"elementor-button-text\">Terug naar Home<\/span>\n\t\t\t\t\t<\/span>\n\t\t\t\t\t<\/a>\n\t\t\t\t<\/div>\n\t\t\t\t\t\t<\/div>\n\t\t\t\t<\/div>\n\t\t\t\t<div class=\"elementor-element elementor-element-511b9536 elementor-widget elementor-widget-theme-post-title elementor-page-title elementor-widget-heading\" data-id=\"511b9536\" data-element_type=\"widget\" data-widget_type=\"theme-post-title.default\">\n\t\t\t\t<div class=\"elementor-widget-container\">\n\t\t\t<h1 class=\"elementor-heading-title elementor-size-default\">Automation<\/h1>\t\t<\/div>\n\t\t\t\t<\/div>\n\t\t\t\t<\/div>\n\t\t<div class=\"elementor-element elementor-element-70371d7c e-con-full e-flex e-con e-child\" data-id=\"70371d7c\" data-element_type=\"container\">\n\t\t\t\t<div class=\"elementor-element elementor-element-11dbca21 elementor-widget elementor-widget-text-editor\" data-id=\"11dbca21\" data-element_type=\"widget\" data-widget_type=\"text-editor.default\">\n\t\t\t\t<div class=\"elementor-widget-container\">\n\t\t\t\t\t\t\t<h3 data-start=\"0\" data-end=\"78\"><strong data-start=\"4\" data-end=\"76\">De Kracht van Netwerkautomatisering: Minder Fouten, Meer Effici\u00ebntie<\/strong><\/h3><p data-start=\"80\" data-end=\"473\">Het beheren van moderne netwerken wordt steeds complexer. Handmatige configuraties zijn tijdrovend, foutgevoelig en moeilijk te schalen. Daarom is <strong data-start=\"227\" data-end=\"245\">automatisering<\/strong> een essentieel onderdeel van moderne netwerkbeheerstrategie\u00ebn. Bij <strong data-start=\"313\" data-end=\"342\">NextGen Network Solutions<\/strong> helpen we bedrijven met <strong data-start=\"367\" data-end=\"405\">geavanceerde netwerkautomatisering<\/strong> om betrouwbaardere en effici\u00ebntere IT-infrastructuren te cre\u00ebren.<\/p><hr data-start=\"475\" data-end=\"478\" \/><h2 data-start=\"480\" data-end=\"535\"><strong data-start=\"483\" data-end=\"533\">1. Minder Menselijke Fouten, Meer Consistentie<\/strong><\/h2><p data-start=\"536\" data-end=\"794\">Handmatige configuraties leiden vaak tot inconsistente instellingen, beveiligingslekken en downtime. Door <strong data-start=\"642\" data-end=\"660\">automatisering<\/strong> toe te passen, wordt elk netwerkapparaat op dezelfde manier geconfigureerd, waardoor menselijke fouten drastisch worden verminderd.<\/p><p data-start=\"796\" data-end=\"1099\">\ud83d\udd39 <strong data-start=\"799\" data-end=\"825\">Automatische validatie<\/strong> van configuraties voorkomt typefouten en misconfiguraties.<br data-start=\"884\" data-end=\"887\" \/>\ud83d\udd39 <strong data-start=\"890\" data-end=\"909\">Standaardisatie<\/strong> zorgt ervoor dat alle apparaten dezelfde instellingen en beveiligingsregels volgen.<br data-start=\"993\" data-end=\"996\" \/>\ud83d\udd39 <strong data-start=\"999\" data-end=\"1027\">Rollback-functionaliteit<\/strong> maakt het eenvoudig om wijzigingen terug te draaien als dat nodig is.<\/p><p data-start=\"1101\" data-end=\"1309\"><strong data-start=\"1103\" data-end=\"1117\">Voorbeeld:<\/strong> Een engineer kan een <strong data-start=\"1139\" data-end=\"1171\">Python-script met REST API\u2019s<\/strong> gebruiken om automatisch VLAN\u2019s of firewallregels te configureren op tientallen switches en routers tegelijk, zonder handmatige fouten.<\/p><hr data-start=\"1311\" data-end=\"1314\" \/><h2 data-start=\"1316\" data-end=\"1371\"><strong data-start=\"1319\" data-end=\"1369\">2. Snellere Implementatie &amp; Effici\u00ebnter Beheer<\/strong><\/h2><p data-start=\"1372\" data-end=\"1628\">Traditioneel netwerkbeheer vereist dat engineers handmatig configuraties doorvoeren op elk afzonderlijk apparaat. Dit kost tijd en verhoogt de kans op fouten. Met <strong data-start=\"1535\" data-end=\"1570\">automatiseringsscripts en tools<\/strong> kunnen netwerkbeheerders sneller en effici\u00ebnter werken.<\/p><p data-start=\"1630\" data-end=\"1929\">\u2705 <strong data-start=\"1632\" data-end=\"1706\">Nieuwe netwerkapparaten kunnen in enkele minuten worden geconfigureerd<\/strong>, in plaats van uren of dagen.<br data-start=\"1736\" data-end=\"1739\" \/>\u2705 <strong data-start=\"1741\" data-end=\"1796\">Updates en patches kunnen centraal worden uitgerold<\/strong> zonder handmatige ingrepen.<br data-start=\"1824\" data-end=\"1827\" \/>\u2705 <strong data-start=\"1829\" data-end=\"1926\">Routine taken zoals het configureren van QoS, VLAN\u2019s en firewallregels worden geautomatiseerd<\/strong>.<\/p><p data-start=\"1931\" data-end=\"2187\"><strong data-start=\"1934\" data-end=\"1948\">Voorbeeld:<\/strong> Een <strong data-start=\"1953\" data-end=\"1973\">Ansible Playbook<\/strong> kan automatisch alle routers en switches configureren met de juiste interface-instellingen, terwijl een <strong data-start=\"2078\" data-end=\"2110\">Python-script met REST API\u2019s<\/strong> ervoor zorgt dat firewallregels correct worden toegepast op alle locaties.<\/p><hr data-start=\"2189\" data-end=\"2192\" \/><h2 data-start=\"2194\" data-end=\"2234\"><strong data-start=\"2197\" data-end=\"2232\">3. Standaardisatie &amp; Compliance<\/strong><\/h2><p data-start=\"2235\" data-end=\"2472\">Netwerkbeveiliging en compliance worden steeds belangrijker. Organisaties moeten voldoen aan standaarden zoals <strong data-start=\"2346\" data-end=\"2373\">ISO 27001, NIS2 en GDPR<\/strong>. Automatisering helpt hierbij door consistente security policies en configuraties af te dwingen.<\/p><p data-start=\"2474\" data-end=\"2791\">\ud83d\udd39 <strong data-start=\"2477\" data-end=\"2547\">Beveiligingsregels en policies kunnen automatisch worden toegepast<\/strong> op alle apparaten.<br data-start=\"2566\" data-end=\"2569\" \/>\ud83d\udd39 <strong data-start=\"2572\" data-end=\"2613\">Netwerkback-ups en configuratiebeheer<\/strong> kunnen geautomatiseerd worden voor snelle disaster recovery.<br data-start=\"2674\" data-end=\"2677\" \/>\ud83d\udd39 <strong data-start=\"2680\" data-end=\"2715\">Realtime monitoring en auditing<\/strong> zorgen ervoor dat afwijkingen direct worden gedetecteerd en gecorrigeerd.<\/p><p data-start=\"2793\" data-end=\"3002\"><strong data-start=\"2795\" data-end=\"2809\">Voorbeeld:<\/strong> Een Python-script dat periodiek via <strong data-start=\"2846\" data-end=\"2860\">REST API\u2019s<\/strong> de firewallregels controleert en afwijkingen automatisch herstelt, zodat alle apparaten compliant blijven met de laatste security policies.<\/p><hr data-start=\"3004\" data-end=\"3007\" \/><h2 data-start=\"3009\" data-end=\"3052\"><strong data-start=\"3012\" data-end=\"3050\">4. Schaalbaarheid en Flexibiliteit<\/strong><\/h2><p data-start=\"3053\" data-end=\"3194\">Of het nu gaat om een klein netwerk of een complexe <strong data-start=\"3105\" data-end=\"3128\">enterprise-omgeving<\/strong>, automatisering maakt netwerkbeheer <strong data-start=\"3165\" data-end=\"3191\">schaalbaar en flexibel<\/strong>.<\/p><p data-start=\"3196\" data-end=\"3467\">\ud83d\udd39 <strong data-start=\"3199\" data-end=\"3258\">Beheer honderden of duizenden netwerkapparaten tegelijk<\/strong> zonder extra moeite.<br data-start=\"3279\" data-end=\"3282\" \/>\ud83d\udd39 <strong data-start=\"3285\" data-end=\"3331\">Ondersteuning voor multi-vendor omgevingen<\/strong>, inclusief Cisco, Juniper, Arista, Fortinet en meer.<br data-start=\"3384\" data-end=\"3387\" \/>\ud83d\udd39 <strong data-start=\"3390\" data-end=\"3410\">Cloud-integratie<\/strong> met AWS, Azure en Google Cloud voor hybride netwerken.<\/p><p data-start=\"3469\" data-end=\"3730\"><strong data-start=\"3472\" data-end=\"3486\">Voorbeeld:<\/strong> Een NetOps-team kan een combinatie van <strong data-start=\"3526\" data-end=\"3587\">Python-scripts, Ansible Playbooks en API-gebaseerde tools<\/strong> gebruiken om firewallregels, routeringstabellen en netwerksegmentatie automatisch te beheren, ongeacht het aantal apparaten of leveranciers.<\/p><hr data-start=\"3732\" data-end=\"3735\" \/><h3 data-start=\"3737\" data-end=\"3798\"><strong data-start=\"3741\" data-end=\"3796\">Conclusie: Slimmer Netwerkbeheer met Automatisering<\/strong><\/h3><p data-start=\"3799\" data-end=\"4108\">Bij <strong data-start=\"3803\" data-end=\"3832\">NextGen Network Solutions<\/strong> zetten we <strong data-start=\"3843\" data-end=\"3861\">automatisering<\/strong> in om netwerken <strong data-start=\"3878\" data-end=\"3917\">sneller, veiliger en betrouwbaarder<\/strong> te maken. Door menselijke fouten te verminderen, configuraties te standaardiseren en implementaties te versnellen, helpen wij organisaties hun IT-infrastructuur toekomstbestendig te maken.<\/p><p data-start=\"4110\" data-end=\"4241\" data-is-last-node=\"\" data-is-only-node=\"\">Wil je weten hoe automatisering <strong data-start=\"4142\" data-end=\"4179\">jouw netwerkbeheer kan verbeteren<\/strong>? Neem contact met ons op voor een demo of adviesgesprek!<\/p>\t\t\t\t\t\t<\/div>\n\t\t\t\t<\/div>\n\t\t\t\t<div class=\"elementor-element elementor-element-2c3f0028 elementor-widget elementor-widget-image\" data-id=\"2c3f0028\" data-element_type=\"widget\" data-widget_type=\"image.default\">\n\t\t\t\t<div class=\"elementor-widget-container\">\n\t\t\t\t\t\t\t\t\t\t\t\t\t<img fetchpriority=\"high\" decoding=\"async\" width=\"700\" height=\"438\" src=\"https:\/\/www.nextgennetworksolutions.nl\/wp-content\/uploads\/2025\/03\/IAG-Tech-Content-3-Ansible-Playbooks-SS-2-700x438-2.webp\" class=\"attachment-large size-large wp-image-1074\" alt=\"\" srcset=\"https:\/\/www.nextgennetworksolutions.nl\/wp-content\/uploads\/2025\/03\/IAG-Tech-Content-3-Ansible-Playbooks-SS-2-700x438-2.webp 700w, https:\/\/www.nextgennetworksolutions.nl\/wp-content\/uploads\/2025\/03\/IAG-Tech-Content-3-Ansible-Playbooks-SS-2-700x438-2-300x188.webp 300w\" sizes=\"(max-width: 700px) 100vw, 700px\" \/>\t\t\t\t\t\t\t\t\t\t\t\t\t<\/div>\n\t\t\t\t<\/div>\n\t\t\t\t<\/div>\n\t\t\t\t<\/div>\n\t\t<div class=\"elementor-element elementor-element-57734ad1 e-con-full elementor-hidden-desktop elementor-hidden-tablet elementor-hidden-mobile e-flex e-con e-parent\" data-id=\"57734ad1\" data-element_type=\"container\">\n\t\t\t\t<div class=\"elementor-element elementor-element-7f64b032 elementor-share-buttons--view-icon elementor-share-buttons--skin-framed elementor-share-buttons--shape-circle elementor-share-buttons--color-custom elementor-grid-0 elementor-widget elementor-widget-share-buttons\" data-id=\"7f64b032\" data-element_type=\"widget\" data-widget_type=\"share-buttons.default\">\n\t\t\t\t<div class=\"elementor-widget-container\">\n\t\t\t\t\t<div class=\"elementor-grid\">\n\t\t\t\t\t\t\t\t<div class=\"elementor-grid-item\">\n\t\t\t\t\t\t<div\n\t\t\t\t\t\t\tclass=\"elementor-share-btn elementor-share-btn_facebook\"\n\t\t\t\t\t\t\trole=\"button\"\n\t\t\t\t\t\t\ttabindex=\"0\"\n\t\t\t\t\t\t\taria-label=\"Share on facebook\"\n\t\t\t\t\t\t>\n\t\t\t\t\t\t\t\t\t\t\t\t\t\t\t<span class=\"elementor-share-btn__icon\">\n\t\t\t\t\t\t\t\t<svg class=\"e-font-icon-svg e-fab-facebook\" viewBox=\"0 0 512 512\" xmlns=\"http:\/\/www.w3.org\/2000\/svg\"><path d=\"M504 256C504 119 393 8 256 8S8 119 8 256c0 123.78 90.69 226.38 209.25 245V327.69h-63V256h63v-54.64c0-62.15 37-96.48 93.67-96.48 27.14 0 55.52 4.84 55.52 4.84v61h-31.28c-30.8 0-40.41 19.12-40.41 38.73V256h68.78l-11 71.69h-57.78V501C413.31 482.38 504 379.78 504 256z\"><\/path><\/svg>\t\t\t\t\t\t\t<\/span>\n\t\t\t\t\t\t\t\t\t\t\t\t\t\t\t\t\t\t\t\t<\/div>\n\t\t\t\t\t<\/div>\n\t\t\t\t\t\t\t\t\t<div class=\"elementor-grid-item\">\n\t\t\t\t\t\t<div\n\t\t\t\t\t\t\tclass=\"elementor-share-btn elementor-share-btn_linkedin\"\n\t\t\t\t\t\t\trole=\"button\"\n\t\t\t\t\t\t\ttabindex=\"0\"\n\t\t\t\t\t\t\taria-label=\"Share on linkedin\"\n\t\t\t\t\t\t>\n\t\t\t\t\t\t\t\t\t\t\t\t\t\t\t<span class=\"elementor-share-btn__icon\">\n\t\t\t\t\t\t\t\t<svg class=\"e-font-icon-svg e-fab-linkedin\" viewBox=\"0 0 448 512\" xmlns=\"http:\/\/www.w3.org\/2000\/svg\"><path d=\"M416 32H31.9C14.3 32 0 46.5 0 64.3v383.4C0 465.5 14.3 480 31.9 480H416c17.6 0 32-14.5 32-32.3V64.3c0-17.8-14.4-32.3-32-32.3zM135.4 416H69V202.2h66.5V416zm-33.2-243c-21.3 0-38.5-17.3-38.5-38.5S80.9 96 102.2 96c21.2 0 38.5 17.3 38.5 38.5 0 21.3-17.2 38.5-38.5 38.5zm282.1 243h-66.4V312c0-24.8-.5-56.7-34.5-56.7-34.6 0-39.9 27-39.9 54.9V416h-66.4V202.2h63.7v29.2h.9c8.9-16.8 30.6-34.5 62.9-34.5 67.2 0 79.7 44.3 79.7 101.9V416z\"><\/path><\/svg>\t\t\t\t\t\t\t<\/span>\n\t\t\t\t\t\t\t\t\t\t\t\t\t\t\t\t\t\t\t\t<\/div>\n\t\t\t\t\t<\/div>\n\t\t\t\t\t\t\t\t\t<div class=\"elementor-grid-item\">\n\t\t\t\t\t\t<div\n\t\t\t\t\t\t\tclass=\"elementor-share-btn elementor-share-btn_twitter\"\n\t\t\t\t\t\t\trole=\"button\"\n\t\t\t\t\t\t\ttabindex=\"0\"\n\t\t\t\t\t\t\taria-label=\"Share on twitter\"\n\t\t\t\t\t\t>\n\t\t\t\t\t\t\t\t\t\t\t\t\t\t\t<span class=\"elementor-share-btn__icon\">\n\t\t\t\t\t\t\t\t<svg class=\"e-font-icon-svg e-fab-twitter\" viewBox=\"0 0 512 512\" xmlns=\"http:\/\/www.w3.org\/2000\/svg\"><path d=\"M459.37 151.716c.325 4.548.325 9.097.325 13.645 0 138.72-105.583 298.558-298.558 298.558-59.452 0-114.68-17.219-161.137-47.106 8.447.974 16.568 1.299 25.34 1.299 49.055 0 94.213-16.568 130.274-44.832-46.132-.975-84.792-31.188-98.112-72.772 6.498.974 12.995 1.624 19.818 1.624 9.421 0 18.843-1.3 27.614-3.573-48.081-9.747-84.143-51.98-84.143-102.985v-1.299c13.969 7.797 30.214 12.67 47.431 13.319-28.264-18.843-46.781-51.005-46.781-87.391 0-19.492 5.197-37.36 14.294-52.954 51.655 63.675 129.3 105.258 216.365 109.807-1.624-7.797-2.599-15.918-2.599-24.04 0-57.828 46.782-104.934 104.934-104.934 30.213 0 57.502 12.67 76.67 33.137 23.715-4.548 46.456-13.32 66.599-25.34-7.798 24.366-24.366 44.833-46.132 57.827 21.117-2.273 41.584-8.122 60.426-16.243-14.292 20.791-32.161 39.308-52.628 54.253z\"><\/path><\/svg>\t\t\t\t\t\t\t<\/span>\n\t\t\t\t\t\t\t\t\t\t\t\t\t\t\t\t\t\t\t\t<\/div>\n\t\t\t\t\t<\/div>\n\t\t\t\t\t\t<\/div>\n\t\t\t\t<\/div>\n\t\t\t\t<\/div>\n\t\t\t\t<div class=\"elementor-element elementor-element-430350ec elementor-post-navigation-borders-yes elementor-widget elementor-widget-post-navigation\" data-id=\"430350ec\" data-element_type=\"widget\" data-widget_type=\"post-navigation.default\">\n\t\t\t\t<div class=\"elementor-widget-container\">\n\t\t\t\t\t<div class=\"elementor-post-navigation\">\n\t\t\t<div class=\"elementor-post-navigation__prev elementor-post-navigation__link\">\n\t\t\t\t<a href=\"https:\/\/www.nextgennetworksolutions.nl\/index.php\/security\/\" rel=\"prev\"><span class=\"post-navigation__arrow-wrapper post-navigation__arrow-prev\"><i class=\"fa fa-chevron-left\" aria-hidden=\"true\"><\/i><span class=\"elementor-screen-only\">Prev<\/span><\/span><span class=\"elementor-post-navigation__link__prev\"><span class=\"post-navigation__prev--label\">Previous<\/span><\/span><\/a>\t\t\t<\/div>\n\t\t\t\t\t\t\t<div class=\"elementor-post-navigation__separator-wrapper\">\n\t\t\t\t\t<div class=\"elementor-post-navigation__separator\"><\/div>\n\t\t\t\t<\/div>\n\t\t\t\t\t\t<div class=\"elementor-post-navigation__next elementor-post-navigation__link\">\n\t\t\t\t<a href=\"https:\/\/www.nextgennetworksolutions.nl\/index.php\/pentest\/\" rel=\"next\"><span class=\"elementor-post-navigation__link__next\"><span class=\"post-navigation__next--label\">Next<\/span><\/span><span class=\"post-navigation__arrow-wrapper post-navigation__arrow-next\"><i class=\"fa fa-chevron-right\" aria-hidden=\"true\"><\/i><span class=\"elementor-screen-only\">Next<\/span><\/span><\/a>\t\t\t<\/div>\n\t\t<\/div>\n\t\t\t\t<\/div>\n\t\t\t\t<\/div>\n\t\t\t\t<\/div>\n\t\t\t\t<\/div>\n\t\t","protected":false},"excerpt":{"rendered":"<p>Terug naar Home De Kracht van Netwerkautomatisering: Minder Fouten, Meer Effici\u00ebntie Het beheren van moderne netwerken wordt steeds complexer. Handmatige configuraties zijn tijdrovend, foutgevoelig en moeilijk te schalen. Daarom is automatisering een essentieel onderdeel van moderne netwerkbeheerstrategie\u00ebn. Bij NextGen Network Solutions helpen we bedrijven met geavanceerde netwerkautomatisering om betrouwbaardere en effici\u00ebntere IT-infrastructuren te cre\u00ebren. 1. [&hellip;]<\/p>\n","protected":false},"author":1,"featured_media":0,"parent":0,"menu_order":0,"comment_status":"closed","ping_status":"closed","template":"elementor_header_footer","meta":{"_monsterinsights_skip_tracking":false,"_monsterinsights_sitenote_active":false,"_monsterinsights_sitenote_note":"","_monsterinsights_sitenote_category":0,"footnotes":""},"class_list":["post-1063","page","type-page","status-publish","hentry"],"jetpack_sharing_enabled":true,"_links":{"self":[{"href":"https:\/\/www.nextgennetworksolutions.nl\/index.php\/wp-json\/wp\/v2\/pages\/1063","targetHints":{"allow":["GET"]}}],"collection":[{"href":"https:\/\/www.nextgennetworksolutions.nl\/index.php\/wp-json\/wp\/v2\/pages"}],"about":[{"href":"https:\/\/www.nextgennetworksolutions.nl\/index.php\/wp-json\/wp\/v2\/types\/page"}],"author":[{"embeddable":true,"href":"https:\/\/www.nextgennetworksolutions.nl\/index.php\/wp-json\/wp\/v2\/users\/1"}],"replies":[{"embeddable":true,"href":"https:\/\/www.nextgennetworksolutions.nl\/index.php\/wp-json\/wp\/v2\/comments?post=1063"}],"version-history":[{"count":30,"href":"https:\/\/www.nextgennetworksolutions.nl\/index.php\/wp-json\/wp\/v2\/pages\/1063\/revisions"}],"predecessor-version":[{"id":1175,"href":"https:\/\/www.nextgennetworksolutions.nl\/index.php\/wp-json\/wp\/v2\/pages\/1063\/revisions\/1175"}],"wp:attachment":[{"href":"https:\/\/www.nextgennetworksolutions.nl\/index.php\/wp-json\/wp\/v2\/media?parent=1063"}],"curies":[{"name":"wp","href":"https:\/\/api.w.org\/{rel}","templated":true}]}}